{"id":42,"date":"2023-07-17T05:35:51","date_gmt":"2023-07-17T05:35:51","guid":{"rendered":"https:\/\/themexriver.com\/wp\/buildexo\/?page_id=42"},"modified":"2024-11-04T22:36:59","modified_gmt":"2024-11-04T22:36:59","slug":"contact","status":"publish","type":"page","link":"https:\/\/amequipementscollectifs.dz\/ar\/contact\/","title":{"rendered":"\u0627\u062a\u0635\u0644 \u0628\u0646\u0627"},"content":{"rendered":"<div data-elementor-type=\"wp-page\" data-elementor-id=\"42\" class=\"elementor elementor-42\" data-elementor-post-type=\"page\">\n\t\t\t\t\t\t<section class=\"elementor-section elementor-top-section elementor-element elementor-element-03fe36c elementor-section-full_width elementor-section-height-default elementor-section-height-default\" data-id=\"03fe36c\" data-element_type=\"section\">\n\t\t\t\t\t\t<div class=\"elementor-container elementor-column-gap-default\">\n\t\t\t\t\t<div class=\"elementor-column elementor-col-100 elementor-top-column elementor-element elementor-element-1b3553b\" data-id=\"1b3553b\" data-element_type=\"column\">\n\t\t\t<div class=\"elementor-widget-wrap elementor-element-populated\">\n\t\t\t\t\t\t<div class=\"elementor-element elementor-element-6ec2a3e elementor-widget elementor-widget-spacer\" data-id=\"6ec2a3e\" data-element_type=\"widget\" data-widget_type=\"spacer.default\">\n\t\t\t\t<div class=\"elementor-widget-container\">\n\t\t\t\t\t<div class=\"elementor-spacer\">\n\t\t\t<div class=\"elementor-spacer-inner\"><\/div>\n\t\t<\/div>\n\t\t\t\t<\/div>\n\t\t\t\t<\/div>\n\t\t\t\t<section class=\"elementor-section elementor-inner-section elementor-element elementor-element-921f670 elementor-section-boxed elementor-section-height-default elementor-section-height-default\" data-id=\"921f670\" data-element_type=\"section\">\n\t\t\t\t\t\t<div class=\"elementor-container elementor-column-gap-default\">\n\t\t\t\t\t<div class=\"elementor-column elementor-col-50 elementor-inner-column elementor-element elementor-element-5e48fd5\" data-id=\"5e48fd5\" data-element_type=\"column\">\n\t\t\t<div class=\"elementor-widget-wrap elementor-element-populated\">\n\t\t\t\t\t\t<div class=\"elementor-element elementor-element-e2d55da elementor-widget elementor-widget-turner_float_image\" data-id=\"e2d55da\" data-element_type=\"widget\" data-widget_type=\"turner_float_image.default\">\n\t\t\t\t<div class=\"elementor-widget-container\">\n\t\t\t    \r\n    \r\n\r\n    \t\r\n        <div class=\"contact-img-left\">\r\n        <img decoding=\"async\" src=\"https:\/\/amequipementscollectifs.dz\/wp-content\/uploads\/2024\/10\/am-equipements-collectifs-contact.png\" alt=\"Awesome Image\">\r\n    <\/div>\r\n    \t\r\n\t\t\t<\/div>\n\t\t\t\t<\/div>\n\t\t\t\t\t<\/div>\n\t\t<\/div>\n\t\t\t\t<div class=\"elementor-column elementor-col-50 elementor-inner-column elementor-element elementor-element-89932fc\" data-id=\"89932fc\" data-element_type=\"column\">\n\t\t\t<div class=\"elementor-widget-wrap elementor-element-populated\">\n\t\t\t\t\t\t<div class=\"elementor-element elementor-element-5c603e7 elementor-widget elementor-widget-heading\" data-id=\"5c603e7\" data-element_type=\"widget\" data-widget_type=\"heading.default\">\n\t\t\t\t<div class=\"elementor-widget-container\">\n\t\t\t<h2 class=\"elementor-heading-title elementor-size-default\">N'h\u00e9sitez pas \u00e0 utiliser le formulaire de contact pour nous envoyer vos Messages <\/h2>\t\t<\/div>\n\t\t\t\t<\/div>\n\t\t\t\t<div class=\"elementor-element elementor-element-e8dbe47 e-transform e-transform e-transform e-transform elementor-widget elementor-widget-turner_hero_title\" data-id=\"e8dbe47\" data-element_type=\"widget\" data-settings=\"{&quot;_animation&quot;:&quot;none&quot;,&quot;_transform_rotateZ_effect&quot;:{&quot;unit&quot;:&quot;px&quot;,&quot;size&quot;:&quot;&quot;,&quot;sizes&quot;:[]},&quot;_transform_rotateZ_effect_tablet&quot;:{&quot;unit&quot;:&quot;deg&quot;,&quot;size&quot;:&quot;&quot;,&quot;sizes&quot;:[]},&quot;_transform_rotateZ_effect_mobile&quot;:{&quot;unit&quot;:&quot;deg&quot;,&quot;size&quot;:&quot;&quot;,&quot;sizes&quot;:[]},&quot;_transform_translateX_effect&quot;:{&quot;unit&quot;:&quot;px&quot;,&quot;size&quot;:&quot;&quot;,&quot;sizes&quot;:[]},&quot;_transform_translateX_effect_tablet&quot;:{&quot;unit&quot;:&quot;px&quot;,&quot;size&quot;:&quot;&quot;,&quot;sizes&quot;:[]},&quot;_transform_translateX_effect_mobile&quot;:{&quot;unit&quot;:&quot;px&quot;,&quot;size&quot;:&quot;&quot;,&quot;sizes&quot;:[]},&quot;_transform_translateY_effect&quot;:{&quot;unit&quot;:&quot;px&quot;,&quot;size&quot;:&quot;&quot;,&quot;sizes&quot;:[]},&quot;_transform_translateY_effect_tablet&quot;:{&quot;unit&quot;:&quot;px&quot;,&quot;size&quot;:&quot;&quot;,&quot;sizes&quot;:[]},&quot;_transform_translateY_effect_mobile&quot;:{&quot;unit&quot;:&quot;px&quot;,&quot;size&quot;:&quot;&quot;,&quot;sizes&quot;:[]},&quot;_transform_scaleX_effect&quot;:{&quot;unit&quot;:&quot;px&quot;,&quot;size&quot;:&quot;&quot;,&quot;sizes&quot;:[]},&quot;_transform_scaleX_effect_tablet&quot;:{&quot;unit&quot;:&quot;px&quot;,&quot;size&quot;:&quot;&quot;,&quot;sizes&quot;:[]},&quot;_transform_scaleX_effect_mobile&quot;:{&quot;unit&quot;:&quot;px&quot;,&quot;size&quot;:&quot;&quot;,&quot;sizes&quot;:[]},&quot;_transform_scaleY_effect&quot;:{&quot;unit&quot;:&quot;px&quot;,&quot;size&quot;:&quot;&quot;,&quot;sizes&quot;:[]},&quot;_transform_scaleY_effect_tablet&quot;:{&quot;unit&quot;:&quot;px&quot;,&quot;size&quot;:&quot;&quot;,&quot;sizes&quot;:[]},&quot;_transform_scaleY_effect_mobile&quot;:{&quot;unit&quot;:&quot;px&quot;,&quot;size&quot;:&quot;&quot;,&quot;sizes&quot;:[]},&quot;_transform_skewX_effect&quot;:{&quot;unit&quot;:&quot;px&quot;,&quot;size&quot;:&quot;&quot;,&quot;sizes&quot;:[]},&quot;_transform_skewX_effect_tablet&quot;:{&quot;unit&quot;:&quot;deg&quot;,&quot;size&quot;:&quot;&quot;,&quot;sizes&quot;:[]},&quot;_transform_skewX_effect_mobile&quot;:{&quot;unit&quot;:&quot;deg&quot;,&quot;size&quot;:&quot;&quot;,&quot;sizes&quot;:[]},&quot;_transform_skewY_effect&quot;:{&quot;unit&quot;:&quot;px&quot;,&quot;size&quot;:&quot;&quot;,&quot;sizes&quot;:[]},&quot;_transform_skewY_effect_tablet&quot;:{&quot;unit&quot;:&quot;deg&quot;,&quot;size&quot;:&quot;&quot;,&quot;sizes&quot;:[]},&quot;_transform_skewY_effect_mobile&quot;:{&quot;unit&quot;:&quot;deg&quot;,&quot;size&quot;:&quot;&quot;,&quot;sizes&quot;:[]}}\" data-widget_type=\"turner_hero_title.default\">\n\t\t\t\t<div class=\"elementor-widget-container\">\n\t\t\t    \t\t\t\r\n        <div class=\"section-heading section-heading--white turner-sec-title\">\r\n                        <div class=\"sec-title__tagline heading-subtitle wow fadeInRight mb-15\">\r\n                <img decoding=\"async\" src=\"https:\/\/amequipementscollectifs.dz\/wp-content\/uploads\/2023\/07\/sc_icon.png\" alt=\"Awesome Image\">\u0627\u062a\u0635\u0644 \u0628\u0646\u0627            <\/div>\r\n            \t\t\t            <h3 class=\"sec-title__title heading-title tx-split-text split-in-right mb-25\">\u0644\u0627 \u062a\u062a\u0631\u062f\u062f \u0641\u064a \u0627\u0633\u062a\u062e\u062f\u0627\u0645 \u0646\u0645\u0648\u0630\u062c \u0627\u0644\u0627\u062a\u0635\u0627\u0644 \u0644\u0625\u0631\u0633\u0627\u0644 \u0631\u0633\u0627\u0626\u0644\u0643 \u0625\u0644\u064a\u0646\u0627 <\/h3>\r\n                                <\/div>\r\n\t\t\r\n\t\t\t\t<\/div>\n\t\t\t\t<\/div>\n\t\t\t\t<div class=\"elementor-element elementor-element-0b88f19 elementor-widget elementor-widget-turner_form\" data-id=\"0b88f19\" data-element_type=\"widget\" data-settings=\"{&quot;general_box_space&quot;:{&quot;unit&quot;:&quot;px&quot;,&quot;top&quot;:&quot;&quot;,&quot;right&quot;:&quot;&quot;,&quot;bottom&quot;:&quot;&quot;,&quot;left&quot;:&quot;&quot;,&quot;isLinked&quot;:true},&quot;general_box_space_tablet&quot;:{&quot;unit&quot;:&quot;px&quot;,&quot;top&quot;:&quot;&quot;,&quot;right&quot;:&quot;&quot;,&quot;bottom&quot;:&quot;&quot;,&quot;left&quot;:&quot;&quot;,&quot;isLinked&quot;:true},&quot;general_box_space_mobile&quot;:{&quot;unit&quot;:&quot;px&quot;,&quot;top&quot;:&quot;&quot;,&quot;right&quot;:&quot;&quot;,&quot;bottom&quot;:&quot;&quot;,&quot;left&quot;:&quot;&quot;,&quot;isLinked&quot;:true},&quot;general_box_padding&quot;:{&quot;unit&quot;:&quot;px&quot;,&quot;top&quot;:&quot;&quot;,&quot;right&quot;:&quot;&quot;,&quot;bottom&quot;:&quot;&quot;,&quot;left&quot;:&quot;&quot;,&quot;isLinked&quot;:true},&quot;general_box_padding_tablet&quot;:{&quot;unit&quot;:&quot;px&quot;,&quot;top&quot;:&quot;&quot;,&quot;right&quot;:&quot;&quot;,&quot;bottom&quot;:&quot;&quot;,&quot;left&quot;:&quot;&quot;,&quot;isLinked&quot;:true},&quot;general_box_padding_mobile&quot;:{&quot;unit&quot;:&quot;px&quot;,&quot;top&quot;:&quot;&quot;,&quot;right&quot;:&quot;&quot;,&quot;bottom&quot;:&quot;&quot;,&quot;left&quot;:&quot;&quot;,&quot;isLinked&quot;:true},&quot;form_spacing&quot;:{&quot;unit&quot;:&quot;px&quot;,&quot;top&quot;:&quot;&quot;,&quot;right&quot;:&quot;&quot;,&quot;bottom&quot;:&quot;&quot;,&quot;left&quot;:&quot;&quot;,&quot;isLinked&quot;:true},&quot;form_spacing_tablet&quot;:{&quot;unit&quot;:&quot;px&quot;,&quot;top&quot;:&quot;&quot;,&quot;right&quot;:&quot;&quot;,&quot;bottom&quot;:&quot;&quot;,&quot;left&quot;:&quot;&quot;,&quot;isLinked&quot;:true},&quot;form_spacing_mobile&quot;:{&quot;unit&quot;:&quot;px&quot;,&quot;top&quot;:&quot;&quot;,&quot;right&quot;:&quot;&quot;,&quot;bottom&quot;:&quot;&quot;,&quot;left&quot;:&quot;&quot;,&quot;isLinked&quot;:true},&quot;form_padding&quot;:{&quot;unit&quot;:&quot;px&quot;,&quot;top&quot;:&quot;&quot;,&quot;right&quot;:&quot;&quot;,&quot;bottom&quot;:&quot;&quot;,&quot;left&quot;:&quot;&quot;,&quot;isLinked&quot;:true},&quot;form_padding_tablet&quot;:{&quot;unit&quot;:&quot;px&quot;,&quot;top&quot;:&quot;&quot;,&quot;right&quot;:&quot;&quot;,&quot;bottom&quot;:&quot;&quot;,&quot;left&quot;:&quot;&quot;,&quot;isLinked&quot;:true},&quot;form_padding_mobile&quot;:{&quot;unit&quot;:&quot;px&quot;,&quot;top&quot;:&quot;&quot;,&quot;right&quot;:&quot;&quot;,&quot;bottom&quot;:&quot;&quot;,&quot;left&quot;:&quot;&quot;,&quot;isLinked&quot;:true},&quot;btn_padding&quot;:{&quot;unit&quot;:&quot;px&quot;,&quot;top&quot;:&quot;&quot;,&quot;right&quot;:&quot;&quot;,&quot;bottom&quot;:&quot;&quot;,&quot;left&quot;:&quot;&quot;,&quot;isLinked&quot;:true},&quot;btn_padding_tablet&quot;:{&quot;unit&quot;:&quot;px&quot;,&quot;top&quot;:&quot;&quot;,&quot;right&quot;:&quot;&quot;,&quot;bottom&quot;:&quot;&quot;,&quot;left&quot;:&quot;&quot;,&quot;isLinked&quot;:true},&quot;btn_padding_mobile&quot;:{&quot;unit&quot;:&quot;px&quot;,&quot;top&quot;:&quot;&quot;,&quot;right&quot;:&quot;&quot;,&quot;bottom&quot;:&quot;&quot;,&quot;left&quot;:&quot;&quot;,&quot;isLinked&quot;:true}}\" data-widget_type=\"turner_form.default\">\n\t\t\t\t<div class=\"elementor-widget-container\">\n\t\t\t    \r\n    \t\t\t\r\n\t\t\t\t<div class=\"appointment__content p-0 m-0\">            \r\n            <div class=\"contact-form contact-form__appointment te-contact-form\">\r\n                \n<div class=\"wpcf7 no-js\" id=\"wpcf7-f1225-o1\" lang=\"en-US\" dir=\"ltr\">\n<div class=\"screen-reader-response\"><p role=\"status\" aria-live=\"polite\" aria-atomic=\"true\"><\/p> <ul><\/ul><\/div>\n<form action=\"\/ar\/wp-json\/wp\/v2\/pages\/42#wpcf7-f1225-o1\" method=\"post\" class=\"wpcf7-form init\" aria-label=\"Contact form\" novalidate=\"novalidate\" data-status=\"init\" data-trp-original-action=\"\/ar\/wp-json\/wp\/v2\/pages\/42#wpcf7-f1225-o1\">\n<div style=\"display: none;\">\n<input type=\"hidden\" name=\"_wpcf7\" value=\"1225\" \/>\n<input type=\"hidden\" name=\"_wpcf7_version\" value=\"5.9.8\" \/>\n<input type=\"hidden\" name=\"_wpcf7_locale\" value=\"en_US\" \/>\n<input type=\"hidden\" name=\"_wpcf7_unit_tag\" value=\"wpcf7-f1225-o1\" \/>\n<input type=\"hidden\" name=\"_wpcf7_container_post\" value=\"0\" \/>\n<input type=\"hidden\" name=\"_wpcf7_posted_data_hash\" value=\"\" \/>\n<\/div>\n<div class=\"row\">\n\t<div class=\"col-lg-6\">\n\t\t<div class=\"contact-form__field\">\n\t\t\t<p><span class=\"wpcf7-form-control-wrap\" data-name=\"text-661\"><input size=\"40\" maxlength=\"400\" class=\"wpcf7-form-control wpcf7-text wpcf7-validates-as-required\" aria-required=\"true\" aria-invalid=\"false\" placeholder=\"\u0627\u0644\u0627\u0633\u0645\" value=\"\" type=\"text\" name=\"text-661\" \/><\/span>\n\t\t\t<\/p>\n\t\t<\/div>\n\t<\/div>\n\t<div class=\"col-lg-6\">\n\t\t<div class=\"contact-form__field\">\n\t\t\t<p><span class=\"wpcf7-form-control-wrap\" data-name=\"text-662\"><input size=\"40\" maxlength=\"400\" class=\"wpcf7-form-control wpcf7-text wpcf7-validates-as-required\" aria-required=\"true\" aria-invalid=\"false\" placeholder=\"\u0627\u0644\u0644\u0642\u0628\" value=\"\" type=\"text\" name=\"text-662\" \/><\/span>\n\t\t\t<\/p>\n\t\t<\/div>\n\t<\/div>\n\t<div class=\"col-lg-6\">\n\t\t<div class=\"contact-form__field\">\n\t\t\t<p><span class=\"wpcf7-form-control-wrap\" data-name=\"email-898\"><input size=\"40\" maxlength=\"400\" class=\"wpcf7-form-control wpcf7-email wpcf7-validates-as-required wpcf7-text wpcf7-validates-as-email\" aria-required=\"true\" aria-invalid=\"false\" placeholder=\"\u0627\u0644\u0628\u0631\u064a\u062f \u0627\u0644\u0627\u0644\u0643\u062a\u0631\u0648\u0646\u064a\" value=\"\" type=\"email\" name=\"email-898\" \/><\/span>\n\t\t\t<\/p>\n\t\t<\/div>\n\t<\/div>\n\t<div class=\"col-lg-6\">\n\t\t<div class=\"contact-form__field\">\n\t\t\t<p><span class=\"wpcf7-form-control-wrap\" data-name=\"menu-298\"><select class=\"wpcf7-form-control wpcf7-select wpcf7-validates-as-required\" id=\"select\" aria-required=\"true\" aria-invalid=\"false\" name=\"menu-298\"><option value=\"Type de Produit\">\u0635\u0646\u0641 \u0627\u0644\u0645\u0646\u062a\u062c<\/option><option value=\"Grandes Cuisines\">\u0645\u0637\u0627\u0628\u062e \u0643\u0628\u064a\u0631\u0629<\/option><option value=\"Fast Food \u2013 Pizz\u00e9ria \u2013 Restaurant\">Fast Food \u2013 Pizz\u00e9ria \u2013 Restaurant<\/option><option value=\"Caf\u00e9t\u00e9ria\">\u0645\u0639\u062f\u0627\u062a \u0627\u0644\u0645\u0642\u0627\u0647\u064a<\/option><option value=\"Boucherie \u2013 Boulangerie\">\u0645\u0639\u062f\u0627\u062a \u0627\u0644\u062c\u0632\u0627\u0631\u0629 \u0648 \u0627\u0644\u0645\u062e\u0627\u0628\u0632<\/option><option value=\"Chambres froides\">\u063a\u0631\u0641 \u0627\u0644\u062a\u0628\u0631\u064a\u062f<\/option><option value=\"Mat\u00e9riel Frigorifique\">\u0645\u0639\u062f\u0627\u062a \u0627\u0644\u062a\u0628\u0631\u064a\u062f<\/option><option value=\"Mat\u00e9riel de pr\u00e9paration\">\u0645\u0639\u062f\u0627\u062a \u0627\u0644\u062a\u062d\u0636\u064a\u0631<\/option><option value=\"Fabrication inox sur mesure\">\u062a\u0635\u0646\u064a\u0639 \u0627\u0644\u0641\u0648\u0644\u0627\u0630 \u0627\u0644\u0645\u0642\u0627\u0648\u0645 \u0644\u0644\u0635\u062f\u0623 \u062d\u0633\u0628 \u0627\u0644\u0637\u0644\u0628<\/option><\/select><\/span>\n\t\t\t<\/p>\n\t\t<\/div>\n\t<\/div>\n\t<div class=\"col-lg-12\">\n\t\t<div class=\"contact-form__field\">\n\t\t\t<p><span class=\"wpcf7-form-control-wrap\" data-name=\"textarea-763\"><textarea cols=\"40\" rows=\"10\" maxlength=\"2000\" class=\"wpcf7-form-control wpcf7-textarea wpcf7-validates-as-required\" aria-required=\"true\" aria-invalid=\"false\" placeholder=\"\u0646\u0635 \u0627\u0644\u0631\u0633\u0627\u0644\u0629\" name=\"textarea-763\"><\/textarea><\/span>\n\t\t\t<\/p>\n\t\t<\/div>\n\t<\/div>\n\t<div class=\"col-lg-12\">\n\t\t<div class=\"contact-form__button\">\n\t\t\t<p><button type=\"submit\" class=\"thm-btn\">\u0627\u0631\u0633\u0627\u0644<\/button>\n\t\t\t<\/p>\n\t\t<\/div>\n\t<\/div>\n<\/div><p style=\"display: none !important;\" class=\"akismet-fields-container\" data-prefix=\"_wpcf7_ak_\"><label>&#916;<textarea name=\"_wpcf7_ak_hp_textarea\" cols=\"45\" rows=\"8\" maxlength=\"100\"><\/textarea><\/label><input type=\"hidden\" id=\"ak_js_1\" name=\"_wpcf7_ak_js\" value=\"169\"\/><script>document.getElementById( \"ak_js_1\" ).setAttribute( \"value\", ( new Date() ).getTime() );<\/script><\/p><div class=\"wpcf7-response-output\" aria-hidden=\"true\"><\/div>\n<input type=\"hidden\" name=\"trp-form-language\" value=\"ar\"\/><\/form>\n<\/div>\n            <\/div>\r\n        <\/div>\r\n                  \r\n\t\t    \t\t<\/div>\n\t\t\t\t<\/div>\n\t\t\t\t\t<\/div>\n\t\t<\/div>\n\t\t\t\t\t<\/div>\n\t\t<\/section>\n\t\t\t\t\t<\/div>\n\t\t<\/div>\n\t\t\t\t\t<\/div>\n\t\t<\/section>\n\t\t\t\t<section class=\"elementor-section elementor-top-section elementor-element elementor-element-d4a73f1 elementor-section-full_width elementor-section-height-default elementor-section-height-default\" data-id=\"d4a73f1\" data-element_type=\"section\">\n\t\t\t\t\t\t<div class=\"elementor-container elementor-column-gap-default\">\n\t\t\t\t\t<div class=\"elementor-column elementor-col-100 elementor-top-column elementor-element elementor-element-66173c7\" data-id=\"66173c7\" data-element_type=\"column\">\n\t\t\t<div class=\"elementor-widget-wrap elementor-element-populated\">\n\t\t\t\t\t\t<section class=\"elementor-section elementor-inner-section elementor-element elementor-element-e74dd6a elementor-section-full_width elementor-section-height-default elementor-section-height-default\" data-id=\"e74dd6a\" data-element_type=\"section\">\n\t\t\t\t\t\t<div class=\"elementor-container elementor-column-gap-default\">\n\t\t\t\t\t<div class=\"elementor-column elementor-col-50 elementor-inner-column elementor-element elementor-element-8a8320f\" data-id=\"8a8320f\" data-element_type=\"column\">\n\t\t\t<div class=\"elementor-widget-wrap elementor-element-populated\">\n\t\t\t\t\t\t<div class=\"elementor-element elementor-element-18cd097 elementor-widget elementor-widget-turner_google_map\" data-id=\"18cd097\" data-element_type=\"widget\" data-settings=\"{&quot;turner_layout_margin&quot;:{&quot;unit&quot;:&quot;px&quot;,&quot;top&quot;:&quot;&quot;,&quot;right&quot;:&quot;&quot;,&quot;bottom&quot;:&quot;&quot;,&quot;left&quot;:&quot;&quot;,&quot;isLinked&quot;:true},&quot;turner_layout_margin_tablet&quot;:{&quot;unit&quot;:&quot;px&quot;,&quot;top&quot;:&quot;&quot;,&quot;right&quot;:&quot;&quot;,&quot;bottom&quot;:&quot;&quot;,&quot;left&quot;:&quot;&quot;,&quot;isLinked&quot;:true},&quot;turner_layout_margin_mobile&quot;:{&quot;unit&quot;:&quot;px&quot;,&quot;top&quot;:&quot;&quot;,&quot;right&quot;:&quot;&quot;,&quot;bottom&quot;:&quot;&quot;,&quot;left&quot;:&quot;&quot;,&quot;isLinked&quot;:true},&quot;turner_layout_padding&quot;:{&quot;unit&quot;:&quot;px&quot;,&quot;top&quot;:&quot;&quot;,&quot;right&quot;:&quot;&quot;,&quot;bottom&quot;:&quot;&quot;,&quot;left&quot;:&quot;&quot;,&quot;isLinked&quot;:true},&quot;turner_layout_padding_tablet&quot;:{&quot;unit&quot;:&quot;px&quot;,&quot;top&quot;:&quot;&quot;,&quot;right&quot;:&quot;&quot;,&quot;bottom&quot;:&quot;&quot;,&quot;left&quot;:&quot;&quot;,&quot;isLinked&quot;:true},&quot;turner_layout_padding_mobile&quot;:{&quot;unit&quot;:&quot;px&quot;,&quot;top&quot;:&quot;&quot;,&quot;right&quot;:&quot;&quot;,&quot;bottom&quot;:&quot;&quot;,&quot;left&quot;:&quot;&quot;,&quot;isLinked&quot;:true}}\" data-widget_type=\"turner_google_map.default\">\n\t\t\t\t<div class=\"elementor-widget-container\">\n\t\t\t    \r\n    <!-- Map Section -->\r\n    <div class=\"google-map bn-google-map\">\r\n        <div class=\"google-map__inner\">\r\n            <iframe src=\"https:\/\/www.google.com\/maps\/embed?pb=!1m18!1m12!1m3!1d6406.13673246038!2d2.9448991900564905!3d36.60066245247267!2m3!1f0!2f0!3f0!3m2!1i1024!2i768!4f13.1!3m3!1m2!1s0x128fa86e68f58459%3A0xa2b2d3d299120b04!2sSidi%20Aid%2C%20Boufarik!5e0!3m2!1sfr!2sdz!4v1729537222589!5m2!1sfr!2sdz\" width=\"600\" height=\"550\" style=\"border:0;\" allowfullscreen=\"\" loading=\"lazy\" referrerpolicy=\"no-referrer-when-downgrade\"><\/iframe>        <\/div>\r\n    <\/div>\r\n       \r\n    \t\t<\/div>\n\t\t\t\t<\/div>\n\t\t\t\t\t<\/div>\n\t\t<\/div>\n\t\t\t\t<div class=\"elementor-column elementor-col-50 elementor-inner-column elementor-element elementor-element-5df64e8\" data-id=\"5df64e8\" data-element_type=\"column\" data-settings=\"{&quot;background_background&quot;:&quot;classic&quot;}\">\n\t\t\t<div class=\"elementor-widget-wrap elementor-element-populated\">\n\t\t\t\t\t\t<div class=\"elementor-element elementor-element-0b69d70 elementor-widget elementor-widget-heading\" data-id=\"0b69d70\" data-element_type=\"widget\" data-widget_type=\"heading.default\">\n\t\t\t\t<div class=\"elementor-widget-container\">\n\t\t\t<h2 class=\"elementor-heading-title elementor-size-default\">\u0645\u0639\u0644\u0648\u0645\u0627\u062a \u0627\u0644\u0627\u062a\u0635\u0627\u0644<\/h2>\t\t<\/div>\n\t\t\t\t<\/div>\n\t\t\t\t<div class=\"elementor-element elementor-element-dd7b198 elementor-widget elementor-widget-turner_icon_box\" data-id=\"dd7b198\" data-element_type=\"widget\" data-widget_type=\"turner_icon_box.default\">\n\t\t\t\t<div class=\"elementor-widget-container\">\n\t\t\t    \t\r\n\t\t\t\t\r\n        <ul class=\"contact__content-list turner-icon-info\">\r\n            <li class=\"ul_li\">\r\n                                <div class=\"icon\">\r\n                    <img decoding=\"async\" src=\"https:\/\/amequipementscollectifs.dz\/wp-content\/uploads\/2023\/07\/location.svg\" alt=\"Awesome Image\">\r\n                <\/div>\r\n                                <div class=\"content\">\r\n                    <h4 class=\"turner-icon-title\">\u0645\u0642\u0631 \u0634\u0631\u0643\u062a\u0646\u0627<\/h4>\r\n                    <p class=\"turner-counter\">\u0633\u064a\u062f\u064a \u0639\u0627\u064a\u062f - \u0628\u0648\u0641\u0627\u0631\u064a\u0643 - \u0627\u0644\u062c\u0632\u0627\u0626\u0631<\/p>\r\n                <\/div>\r\n            <\/li>\r\n        <\/ul>\r\n        \r\n\t\t\t\t<\/div>\n\t\t\t\t<\/div>\n\t\t\t\t<div class=\"elementor-element elementor-element-7fa23a5 elementor-widget elementor-widget-turner_icon_box\" data-id=\"7fa23a5\" data-element_type=\"widget\" data-widget_type=\"turner_icon_box.default\">\n\t\t\t\t<div class=\"elementor-widget-container\">\n\t\t\t    \t\r\n\t\t\t\t\r\n        <ul class=\"contact__content-list turner-icon-info\">\r\n            <li class=\"ul_li\">\r\n                                <div class=\"icon\">\r\n                    <img decoding=\"async\" src=\"https:\/\/amequipementscollectifs.dz\/wp-content\/uploads\/2023\/07\/phone.svg\" alt=\"Awesome Image\">\r\n                <\/div>\r\n                                <div class=\"content\">\r\n                    <h4 class=\"turner-icon-title\">\u0647\u0627\u062a\u0641<\/h4>\r\n                    <p class=\"turner-counter\">0666.19.76.57 \/ 0556.36.11.99 <br> 0556.33.80.95 \/ 0549.36.15.47<\/p>\r\n                <\/div>\r\n            <\/li>\r\n        <\/ul>\r\n        \r\n\t\t\t\t<\/div>\n\t\t\t\t<\/div>\n\t\t\t\t<div class=\"elementor-element elementor-element-943011c elementor-widget elementor-widget-turner_icon_box\" data-id=\"943011c\" data-element_type=\"widget\" data-widget_type=\"turner_icon_box.default\">\n\t\t\t\t<div class=\"elementor-widget-container\">\n\t\t\t    \t\r\n\t\t\t\t\r\n        <ul class=\"contact__content-list turner-icon-info\">\r\n            <li class=\"ul_li\">\r\n                                <div class=\"icon\">\r\n                    <img decoding=\"async\" src=\"https:\/\/amequipementscollectifs.dz\/wp-content\/uploads\/2023\/07\/envalop.svg\" alt=\"Awesome Image\">\r\n                <\/div>\r\n                                <div class=\"content\">\r\n                    <h4 class=\"turner-icon-title\">\u0639\u0646\u0627\u0648\u064a\u0646 \u0627\u0644\u0628\u0631\u064a\u062f \u0627\u0644\u0625\u0644\u0643\u062a\u0631\u0648\u0646\u064a<\/h4>\r\n                    <p class=\"turner-counter\">contact@amequipementscollectifs <br> sarlamequipement@gmail.com <\/p>\r\n                <\/div>\r\n            <\/li>\r\n        <\/ul>\r\n        \r\n\t\t\t\t<\/div>\n\t\t\t\t<\/div>\n\t\t\t\t\t<\/div>\n\t\t<\/div>\n\t\t\t\t\t<\/div>\n\t\t<\/section>\n\t\t\t\t\t<\/div>\n\t\t<\/div>\n\t\t\t\t\t<\/div>\n\t\t<\/section>\n\t\t\t\t<\/div>","protected":false},"excerpt":{"rendered":"<p>N&rsquo;h\u00e9sitez pas \u00e0 utiliser le formulaire de contact pour nous envoyer vos Messages Nous contacter N&rsquo;h\u00e9sitez pas \u00e0 utiliser le formulaire de contact pour nous envoyer vos messages Type de ProduitGrandes CuisinesFast Food \u2013 Pizz\u00e9ria \u2013 RestaurantCaf\u00e9t\u00e9riaBoucherie \u2013 BoulangerieChambres froidesMat\u00e9riel FrigorifiqueMat\u00e9riel de pr\u00e9parationFabrication inox sur mesure ENVOYER &#916; Informations de contact Si\u00e8ge social Sidi Aid [&hellip;]<\/p>","protected":false},"author":1,"featured_media":0,"parent":0,"menu_order":0,"comment_status":"closed","ping_status":"closed","template":"tpl-default-elementor.php","meta":{"footnotes":""},"class_list":["post-42","page","type-page","status-publish","hentry"],"_links":{"self":[{"href":"https:\/\/amequipementscollectifs.dz\/ar\/wp-json\/wp\/v2\/pages\/42","targetHints":{"allow":["GET"]}}],"collection":[{"href":"https:\/\/amequipementscollectifs.dz\/ar\/wp-json\/wp\/v2\/pages"}],"about":[{"href":"https:\/\/amequipementscollectifs.dz\/ar\/wp-json\/wp\/v2\/types\/page"}],"author":[{"embeddable":true,"href":"https:\/\/amequipementscollectifs.dz\/ar\/wp-json\/wp\/v2\/users\/1"}],"replies":[{"embeddable":true,"href":"https:\/\/amequipementscollectifs.dz\/ar\/wp-json\/wp\/v2\/comments?post=42"}],"version-history":[{"count":56,"href":"https:\/\/amequipementscollectifs.dz\/ar\/wp-json\/wp\/v2\/pages\/42\/revisions"}],"predecessor-version":[{"id":2498,"href":"https:\/\/amequipementscollectifs.dz\/ar\/wp-json\/wp\/v2\/pages\/42\/revisions\/2498"}],"wp:attachment":[{"href":"https:\/\/amequipementscollectifs.dz\/ar\/wp-json\/wp\/v2\/media?parent=42"}],"curies":[{"name":"wp","href":"https:\/\/api.w.org\/{rel}","templated":true}]}}